{"id":287,"date":"2023-03-31T13:07:06","date_gmt":"2023-03-31T13:07:06","guid":{"rendered":"https:\/\/mypage83.wordpress.com\/?page_id=287"},"modified":"2023-04-12T18:21:19","modified_gmt":"2023-04-12T18:21:19","slug":"aceites-lubricantes","status":"publish","type":"page","link":"http:\/\/industriashcn.com.mx.previewc75.carrierzone.com\/HCNSite\/?page_id=287","title":{"rendered":"Aceites y Lubricantes"},"content":{"rendered":"\n<div class=\"wp-block-group alignfull has-primary-background-color has-background\" style=\"padding-top:0px;padding-right:0px;padding-bottom:0px;padding-left:0px\"><div class=\"wp-block-group__inner-container is-layout-constrained wp-container-core-group-is-layout-f64f944e wp-block-group-is-layout-constrained\">\n<div class=\"wp-block-group alignfull has-primary-background-color has-background is-content-justification-space-between is-layout-flex wp-container-core-group-is-layout-1c63accf wp-block-group-is-layout-flex\" style=\"padding-top:0px;padding-right:0px;padding-bottom:0px;padding-left:0px\">\n<div class=\"wp-block-group is-layout-flex wp-block-group-is-layout-flex\"><div class=\"wp-block-site-logo\"><a href=\"http:\/\/industriashcn.com.mx.previewc75.carrierzone.com\/HCNSite\/\" class=\"custom-logo-link\" rel=\"home\"><img loading=\"lazy\" decoding=\"async\" width=\"221\" height=\"50\" src=\"https:\/\/i0.wp.com\/industriashcn.com.mx.previewc75.carrierzone.com\/HCNSite\/wp-content\/uploads\/2023\/03\/Logo-transparente-1.png?fit=770%2C175\" class=\"custom-logo\" alt=\"IndustriasHCN\" srcset=\"https:\/\/i0.wp.com\/industriashcn.com.mx.previewc75.carrierzone.com\/HCNSite\/wp-content\/uploads\/2023\/03\/Logo-transparente-1.png?w=770 770w, https:\/\/i0.wp.com\/industriashcn.com.mx.previewc75.carrierzone.com\/HCNSite\/wp-content\/uploads\/2023\/03\/Logo-transparente-1.png?resize=300%2C68 300w, https:\/\/i0.wp.com\/industriashcn.com.mx.previewc75.carrierzone.com\/HCNSite\/wp-content\/uploads\/2023\/03\/Logo-transparente-1.png?resize=768%2C175 768w\" sizes=\"auto, (max-width: 221px) 100vw, 221px\" \/><\/a><\/div><\/div>\n\n\n<nav class=\"has-background has-primary-background-color has-tiny-font-size is-responsive items-justified-center wp-block-navigation is-horizontal is-content-justification-center is-layout-flex wp-container-core-navigation-is-layout-5782f881 wp-block-navigation-is-layout-flex\" aria-label=\"Navegaci\u00f3n de Cabecera\" \n\t\t data-wp-interactive=\"core\/navigation\" data-wp-context='{\"overlayOpenedBy\":{\"click\":false,\"hover\":false,\"focus\":false},\"type\":\"overlay\",\"roleAttribute\":\"\",\"ariaLabel\":\"Menu\"}'><button aria-haspopup=\"dialog\" aria-label=\"Open menu\" class=\"wp-block-navigation__responsive-container-open\" \n\t\t\t\tdata-wp-on--click=\"actions.openMenuOnClick\"\n\t\t\t\tdata-wp-on--keydown=\"actions.handleMenuKeydown\"\n\t\t\t><svg width=\"24\" height=\"24\" xmlns=\"http:\/\/www.w3.org\/2000\/svg\" viewBox=\"0 0 24 24\" aria-hidden=\"true\" focusable=\"false\"><path d=\"M4 7.5h16v1.5H4z\"><\/path><path d=\"M4 15h16v1.5H4z\"><\/path><\/svg><\/button>\n\t\t\t\t<div class=\"wp-block-navigation__responsive-container  has-text-color has-foreground-color has-background has-tertiary-background-color\"  id=\"modal-1\" \n\t\t\t\tdata-wp-class--has-modal-open=\"state.isMenuOpen\"\n\t\t\t\tdata-wp-class--is-menu-open=\"state.isMenuOpen\"\n\t\t\t\tdata-wp-watch=\"callbacks.initMenu\"\n\t\t\t\tdata-wp-on--keydown=\"actions.handleMenuKeydown\"\n\t\t\t\tdata-wp-on--focusout=\"actions.handleMenuFocusout\"\n\t\t\t\ttabindex=\"-1\"\n\t\t\t>\n\t\t\t\t\t<div class=\"wp-block-navigation__responsive-close\" tabindex=\"-1\">\n\t\t\t\t\t\t<div class=\"wp-block-navigation__responsive-dialog\" \n\t\t\t\tdata-wp-bind--aria-modal=\"state.ariaModal\"\n\t\t\t\tdata-wp-bind--aria-label=\"state.ariaLabel\"\n\t\t\t\tdata-wp-bind--role=\"state.roleAttribute\"\n\t\t\t>\n\t\t\t\t\t\t\t<button aria-label=\"Close menu\" class=\"wp-block-navigation__responsive-container-close\" \n\t\t\t\tdata-wp-on--click=\"actions.closeMenuOnClick\"\n\t\t\t><svg xmlns=\"http:\/\/www.w3.org\/2000\/svg\" viewBox=\"0 0 24 24\" width=\"24\" height=\"24\" aria-hidden=\"true\" focusable=\"false\"><path d=\"m13.06 12 6.47-6.47-1.06-1.06L12 10.94 5.53 4.47 4.47 5.53 10.94 12l-6.47 6.47 1.06 1.06L12 13.06l6.47 6.47 1.06-1.06L13.06 12Z\"><\/path><\/svg><\/button>\n\t\t\t\t\t\t\t<div class=\"wp-block-navigation__responsive-container-content\" \n\t\t\t\tdata-wp-watch=\"callbacks.focusFirstElement\"\n\t\t\t id=\"modal-1-content\">\n\t\t\t\t\t\t\t\t<ul class=\"wp-block-navigation__container has-background has-primary-background-color has-tiny-font-size is-responsive items-justified-center wp-block-navigation has-tiny-font-size\"><li class=\"has-tiny-font-size wp-block-navigation-item wp-block-navigation-link has-tiny-font-size\"><a class=\"wp-block-navigation-item__content\"  href=\"http:\/\/industriashcn.com.mx.previewc75.carrierzone.com\/HCNSite\/\"><span class=\"wp-block-navigation-item__label\">Inicio<\/span><\/a><\/li><li class=\"has-tiny-font-size wp-block-navigation-item wp-block-navigation-link\"><a class=\"wp-block-navigation-item__content\"  href=\"http:\/\/industriashcn.com.mx.previewc75.carrierzone.com\/HCNSite\/?page_id=227\"><span class=\"wp-block-navigation-item__label\">Sales para T.T\u00e9rmicos<\/span><\/a><\/li><li class=\"has-tiny-font-size wp-block-navigation-item wp-block-navigation-link\"><a class=\"wp-block-navigation-item__content\"  href=\"http:\/\/industriashcn.com.mx.previewc75.carrierzone.com\/HCNSite\/?page_id=252\"><span class=\"wp-block-navigation-item__label\">Pavonado<\/span><\/a><\/li><li class=\"has-tiny-font-size wp-block-navigation-item wp-block-navigation-link\"><a class=\"wp-block-navigation-item__content\"  href=\"http:\/\/industriashcn.com.mx.previewc75.carrierzone.com\/HCNSite\/?page_id=287\"><span class=\"wp-block-navigation-item__label\">Aceites y Lubricantes<\/span><\/a><\/li><li class=\"has-tiny-font-size wp-block-navigation-item wp-block-navigation-link\"><a class=\"wp-block-navigation-item__content\"  href=\"http:\/\/industriashcn.com.mx.previewc75.carrierzone.com\/HCNSite\/?page_id=289\"><span class=\"wp-block-navigation-item__label\">Ubicaci\u00f3n<\/span><\/a><\/li><\/ul>\n\t\t\t\t\t\t\t<\/div>\n\t\t\t\t\t\t<\/div>\n\t\t\t\t\t<\/div>\n\t\t\t\t<\/div><\/nav><\/div>\n\n\n\n<div class=\"wp-block-cover alignfull has-custom-content-position is-position-center-left has-normal-font-size\" style=\"margin-top:0;padding-top:0;padding-right:0;padding-bottom:0;padding-left:0;min-height:300px;aspect-ratio:unset;\"><span aria-hidden=\"true\" class=\"wp-block-cover__background has-background-dim-0 has-background-dim\"><\/span><img loading=\"lazy\" decoding=\"async\" width=\"620\" height=\"331\" class=\"wp-block-cover__image-background wp-image-549\" alt=\"\" src=\"https:\/\/i0.wp.com\/industriashcn.com.mx.previewc75.carrierzone.com\/HCNSite\/wp-content\/uploads\/2023\/04\/productos.jpg?resize=620%2C331\" data-object-fit=\"cover\" srcset=\"https:\/\/i0.wp.com\/industriashcn.com.mx.previewc75.carrierzone.com\/HCNSite\/wp-content\/uploads\/2023\/04\/productos.jpg?w=2033 2033w, https:\/\/i0.wp.com\/industriashcn.com.mx.previewc75.carrierzone.com\/HCNSite\/wp-content\/uploads\/2023\/04\/productos.jpg?resize=300%2C160 300w, https:\/\/i0.wp.com\/industriashcn.com.mx.previewc75.carrierzone.com\/HCNSite\/wp-content\/uploads\/2023\/04\/productos.jpg?resize=1024%2C547 1024w, https:\/\/i0.wp.com\/industriashcn.com.mx.previewc75.carrierzone.com\/HCNSite\/wp-content\/uploads\/2023\/04\/productos.jpg?resize=768%2C410 768w, https:\/\/i0.wp.com\/industriashcn.com.mx.previewc75.carrierzone.com\/HCNSite\/wp-content\/uploads\/2023\/04\/productos.jpg?resize=1536%2C820 1536w, https:\/\/i0.wp.com\/industriashcn.com.mx.previewc75.carrierzone.com\/HCNSite\/wp-content\/uploads\/2023\/04\/productos.jpg?resize=1568%2C837 1568w, https:\/\/i0.wp.com\/industriashcn.com.mx.previewc75.carrierzone.com\/HCNSite\/wp-content\/uploads\/2023\/04\/productos.jpg?w=1240 1240w, https:\/\/i0.wp.com\/industriashcn.com.mx.previewc75.carrierzone.com\/HCNSite\/wp-content\/uploads\/2023\/04\/productos.jpg?w=1860 1860w\" sizes=\"auto, (max-width: 620px) 100vw, 620px\" data-recalc-dims=\"1\" \/><div class=\"wp-block-cover__inner-container is-layout-flow wp-block-cover-is-layout-flow\">\n<p class=\"has-text-align-left\" style=\"padding-top:var(--wp--preset--spacing--30);padding-right:var(--wp--preset--spacing--30);padding-bottom:var(--wp--preset--spacing--30);padding-left:var(--wp--preset--spacing--30);font-size:22px;line-height:1\">Aceites y Lubricantes<\/p>\n<\/div><\/div>\n<\/div><\/div>\n\n\n\n<div class=\"wp-block-group alignfull\" style=\"margin-top:0px;margin-bottom:0px;padding-top:0;padding-right:0;padding-bottom:0;padding-left:0\"><div class=\"wp-block-group__inner-container is-layout-flow wp-block-group-is-layout-flow\">\n<div class=\"wp-block-cover alignfull\" style=\"padding-top:0;padding-right:0;padding-bottom:0;padding-left:0;min-height:100vh;aspect-ratio:unset;\"><span aria-hidden=\"true\" class=\"wp-block-cover__background has-background-dim-0 has-background-dim\"><\/span><img loading=\"lazy\" decoding=\"async\" width=\"620\" height=\"213\" class=\"wp-block-cover__image-background wp-image-564\" alt=\"\" src=\"https:\/\/i0.wp.com\/industriashcn.com.mx.previewc75.carrierzone.com\/HCNSite\/wp-content\/uploads\/2023\/04\/Lubricantes-2.png?resize=620%2C213\" data-object-fit=\"cover\" srcset=\"https:\/\/i0.wp.com\/industriashcn.com.mx.previewc75.carrierzone.com\/HCNSite\/wp-content\/uploads\/2023\/04\/Lubricantes-2.png?w=2300 2300w, https:\/\/i0.wp.com\/industriashcn.com.mx.previewc75.carrierzone.com\/HCNSite\/wp-content\/uploads\/2023\/04\/Lubricantes-2.png?resize=300%2C103 300w, https:\/\/i0.wp.com\/industriashcn.com.mx.previewc75.carrierzone.com\/HCNSite\/wp-content\/uploads\/2023\/04\/Lubricantes-2.png?resize=1024%2C353 1024w, https:\/\/i0.wp.com\/industriashcn.com.mx.previewc75.carrierzone.com\/HCNSite\/wp-content\/uploads\/2023\/04\/Lubricantes-2.png?resize=768%2C264 768w, https:\/\/i0.wp.com\/industriashcn.com.mx.previewc75.carrierzone.com\/HCNSite\/wp-content\/uploads\/2023\/04\/Lubricantes-2.png?resize=1536%2C529 1536w, https:\/\/i0.wp.com\/industriashcn.com.mx.previewc75.carrierzone.com\/HCNSite\/wp-content\/uploads\/2023\/04\/Lubricantes-2.png?resize=2048%2C705 2048w, https:\/\/i0.wp.com\/industriashcn.com.mx.previewc75.carrierzone.com\/HCNSite\/wp-content\/uploads\/2023\/04\/Lubricantes-2.png?resize=1568%2C540 1568w, https:\/\/i0.wp.com\/industriashcn.com.mx.previewc75.carrierzone.com\/HCNSite\/wp-content\/uploads\/2023\/04\/Lubricantes-2.png?w=1240 1240w, https:\/\/i0.wp.com\/industriashcn.com.mx.previewc75.carrierzone.com\/HCNSite\/wp-content\/uploads\/2023\/04\/Lubricantes-2.png?w=1860 1860w\" sizes=\"auto, (max-width: 620px) 100vw, 620px\" data-recalc-dims=\"1\" \/><div class=\"wp-block-cover__inner-container is-layout-flow wp-block-cover-is-layout-flow\">\n<div class=\"wp-block-group\"><div class=\"wp-block-group__inner-container is-layout-constrained wp-block-group-is-layout-constrained\">\n<div class=\"wp-block-columns alignwide is-layout-flex wp-container-core-columns-is-layout-9d6595d7 wp-block-columns-is-layout-flex\">\n<div class=\"wp-block-column is-layout-flow wp-block-column-is-layout-flow\"><\/div>\n\n\n\n<div class=\"wp-block-column is-layout-flow wp-block-column-is-layout-flow\">\n<h1 class=\"wp-block-heading margin-bottom-half has-background-color has-text-color\" style=\"font-size:50px;line-height:1.2\">El producto adecuado para cada aplicaci\u00f3n.<\/h1>\n\n\n\n<p class=\"margin-top-half has-background-color has-text-color\" style=\"font-size:17px;line-height:1.65\">Desde proteger contra la fricci\u00f3n hasta extender la vida \u00fatil de sus herramientas de corte, tenemos la soluci\u00f3n para usted, solicite informaci\u00f3n especifica para su proceso. Con gusto lo atenderemos.<\/p>\n\n\n\n<div class=\"wp-block-buttons is-layout-flex wp-block-buttons-is-layout-flex\">\n<div class=\"wp-block-button has-custom-width wp-block-button__width-50\"><a class=\"wp-block-button__link has-text-color has-background wp-element-button\" style=\"border-radius:0px;border-top-style:none;border-top-width:0px;border-right-style:none;border-right-width:0px;border-bottom-style:none;border-bottom-width:0px;border-left-style:none;border-left-width:0px;color:#ffffff;background-color:#0378d0;padding-top:0;padding-right:0;padding-bottom:0;padding-left:0\">Cont\u00e1ctenos<\/a><\/div>\n<\/div>\n<\/div>\n<\/div>\n<\/div><\/div>\n<\/div><\/div>\n<\/div><\/div>\n\n\n\n<div class=\"wp-block-group\" style=\"padding-top:var(--wp--preset--spacing--80);padding-bottom:var(--wp--preset--spacing--80)\"><div class=\"wp-block-group__inner-container is-layout-flow wp-block-group-is-layout-flow\">\n<h6 class=\"wp-block-heading has-text-align-center\" style=\"font-style:normal;font-weight:200\">Soluciones para su proceso espec\u00edfico, se muestran las presentaciones m\u00e1s utilizadas, si requiere de alguna presentaci\u00f3n espec\u00edfica solicite informaci\u00f3n <a href=\"http:\/\/industriashcn.com.mx.previewc75.carrierzone.com\/HCNSite\/?page_id=289\" data-type=\"page\" data-id=\"289\">aqui<\/a>.<\/h6>\n\n\n\n<div class=\"wp-block-group\"><div class=\"wp-block-group__inner-container is-layout-flow wp-block-group-is-layout-flow\">\n<div class=\"wp-block-group is-vertical is-content-justification-center is-layout-flex wp-container-core-group-is-layout-88a7ed2c wp-block-group-is-layout-flex\">\n<h2 class=\"wp-block-heading\">HCN Cut<\/h2>\n\n\n\n<figure class=\"wp-block-table is-style-stripes has-tiny-font-size\"><table><tbody><tr><td>Presentaci\u00f3n:<\/td><td class=\"has-text-align-left\" data-align=\"left\">50\/200 L.<\/td><\/tr><tr><td><\/td><td class=\"has-text-align-left\" data-align=\"left\"><\/td><\/tr><tr><td>Descripci\u00f3n:<\/td><td class=\"has-text-align-left\" data-align=\"left\">Refrigerante de Alto desempe\u00f1o para operaciones de maquinado <br>en Hierro fundido, acero y aluminio.<br><br>Gran desempe\u00f1o en operaciones dif\u00edciles para<br>aleaciones de Aluminio con poco Silicio.<\/td><\/tr><\/tbody><\/table><\/figure>\n\n\n\n<h2 class=\"wp-block-heading\">HCN Oil 711<\/h2>\n\n\n\n<figure class=\"wp-block-table is-style-stripes has-tiny-font-size\"><table><tbody><tr><td>Presentaci\u00f3n:<\/td><td class=\"has-text-align-left\" data-align=\"left\">50\/200 L.<\/td><\/tr><tr><td><\/td><td class=\"has-text-align-left\" data-align=\"left\"><\/td><\/tr><tr><td>Descripci\u00f3n:<\/td><td class=\"has-text-align-left\" data-align=\"left\">Excelente velocidad de enfriamiento de 7 a 11 segundos. <br><br>Permite obtener piezas sin grietas ni deformaciones eliminando<br>el procesamiento posterior.<br><br>Alto punto de inflamaci\u00f3n brinda seguridad eliminando las <br>posibilidades de flama.<br><br>Proporciona resistencia a la oxidaci\u00f3n evitando manchas y<br>dep\u00f3sitos en las piezas.<\/td><\/tr><\/tbody><\/table><\/figure>\n\n\n\n<h2 class=\"wp-block-heading\">HCN Oil 1215<\/h2>\n\n\n\n<figure class=\"wp-block-table is-style-stripes has-tiny-font-size\"><table><tbody><tr><td>Presentaci\u00f3n:<\/td><td class=\"has-text-align-left\" data-align=\"left\">50\/200 L.<\/td><\/tr><tr><td><\/td><td class=\"has-text-align-left\" data-align=\"left\"><\/td><\/tr><tr><td>Descripci\u00f3n:<\/td><td class=\"has-text-align-left\" data-align=\"left\">Velocidad de enfriamiento de 12 a 15 segundos.<br><br>Generaci\u00f3n de vapores controlada en la etapa inicial,<br>lo que permite obtener  un temple uniforme para un amplio rango <br>de aceros y aleaciones en los cuales, por sus caracter\u00edsticas, <br>no es posible realizar el temple en agua.<\/td><\/tr><\/tbody><\/table><\/figure>\n\n\n\n<h2 class=\"wp-block-heading\">HCN Offrust 77<\/h2>\n\n\n\n<figure class=\"wp-block-table is-style-stripes has-tiny-font-size\"><table><tbody><tr><td>Presentaci\u00f3n:<\/td><td>50\/200 L.<\/td><\/tr><tr><td><\/td><td><\/td><\/tr><tr><td>Descripci\u00f3n:<\/td><td>Aceite con propiedades desplazadoras de humedad que<br>protegen las piezas de acero contra la corrosi\u00f3n.   <\/td><\/tr><\/tbody><\/table><\/figure>\n\n\n\n<h2 class=\"wp-block-heading\">HCN Dieclean<\/h2>\n\n\n\n<figure class=\"wp-block-table is-style-stripes has-tiny-font-size\"><table><tbody><tr><td>Presentaci\u00f3n:<\/td><td class=\"has-text-align-left\" data-align=\"left\">50\/200 L.<\/td><\/tr><tr><td><\/td><td class=\"has-text-align-left\" data-align=\"left\"><\/td><\/tr><tr><td>Descripci\u00f3n:<\/td><td class=\"has-text-align-left\" data-align=\"left\">Limpiador alcalino que brinda protecci\u00f3n contra la oxidaci\u00f3n. <br>Para limpieza de aceros y hierro fundido. <br><br>Brinda excelentes resultados a temperaturas de mas de 45 \u00b0C. <br>No forma espuma y puede utilizarse en agua dura.<\/td><\/tr><\/tbody><\/table><\/figure>\n\n\n\n<h2 class=\"wp-block-heading\">HCN Decrust<\/h2>\n\n\n\n<figure class=\"wp-block-table is-style-stripes has-tiny-font-size\"><table><tbody><tr><td>Presentaci\u00f3n:<\/td><td class=\"has-text-align-left\" data-align=\"left\">50\/200 L.<\/td><\/tr><tr><td><\/td><td class=\"has-text-align-left\" data-align=\"left\"><\/td><\/tr><tr><td>Descripci\u00f3n:<\/td><td class=\"has-text-align-left\" data-align=\"left\">Desincrustante alcalino que remueve residuos de sal de temple, <br>\u00f3xido y otro tipo de residuos s\u00f3lidos en la superficie de las piezas, <br>tinas y otros componentes.<\/td><\/tr><\/tbody><\/table><\/figure>\n<\/div>\n<\/div><\/div>\n<\/div><\/div>\n\n\n\n<div class=\"wp-block-group alignfull has-text-color has-background\" style=\"color:#ffffff;background-color:#000000;padding-top:var(--wp--preset--spacing--60);padding-right:var(--wp--preset--spacing--60);padding-bottom:var(--wp--preset--spacing--60);padding-left:var(--wp--preset--spacing--60)\"><div class=\"wp-block-group__inner-container is-layout-flow wp-block-group-is-layout-flow\">\n<div class=\"wp-block-columns alignwide is-layout-flex wp-container-core-columns-is-layout-9d6595d7 wp-block-columns-is-layout-flex\">\n<div class=\"wp-block-column is-layout-flow wp-block-column-is-layout-flow\" style=\"flex-basis:25%\">\n<h3 class=\"wp-block-heading has-text-color\" style=\"color:#ffffff;font-size:37px\">Sucursales<\/h3>\n\n\n\n<div class=\"wp-block-buttons is-layout-flex wp-block-buttons-is-layout-flex\">\n<div class=\"wp-block-button has-custom-font-size has-tiny-font-size\"><a class=\"wp-block-button__link has-background-color has-secondary-background-color has-text-color has-background wp-element-button\" href=\"http:\/\/industriashcn.com.mx.previewc75.carrierzone.com\/HCNSite\/?page_id=289\" style=\"padding-top:var(--wp--preset--spacing--20);padding-right:var(--wp--preset--spacing--20);padding-bottom:var(--wp--preset--spacing--20);padding-left:var(--wp--preset--spacing--20)\">C\u00f3mo llegar&#8230;<\/a><\/div>\n<\/div>\n<\/div>\n\n\n\n<div class=\"wp-block-column is-layout-flow wp-block-column-is-layout-flow\" style=\"flex-basis:25%\">\n<p class=\"has-text-color\" style=\"color:#ffffff;font-size:18px\">Tenango 38,<\/p>\n\n\n\n<p class=\"has-text-color\" style=\"color:#ffffff;font-size:18px\">Col. La Loma Tlalnemex, <\/p>\n\n\n\n<p class=\"has-text-color\" style=\"color:#ffffff;font-size:18px\">Tlalnepantla Edo. de M\u00e9xico, <\/p>\n\n\n\n<p class=\"has-text-color\" style=\"color:#ffffff;font-size:18px\">C.P. 54060 <\/p>\n\n\n\n<p>Tel. 55654342\/53907445<\/p>\n<\/div>\n\n\n\n<div class=\"wp-block-column is-layout-flow wp-block-column-is-layout-flow\" style=\"flex-basis:25%\">\n<p class=\"has-text-color\" style=\"color:#ffffff;font-size:18px\">Chabacanos 10<\/p>\n\n\n\n<p class=\"has-text-color\" style=\"color:#ffffff;font-size:18px\">Col. Barrio de la Cruz<\/p>\n\n\n\n<p class=\"has-text-color\" style=\"color:#ffffff;font-size:18px\">San Juan del R\u00edo, Quer\u00e9taro.<\/p>\n\n\n\n<p class=\"has-text-color\" style=\"color:#ffffff;font-size:18px\">C.P. 76800<\/p>\n\n\n\n<p>Tel. 55654342\/53907445<\/p>\n<\/div>\n\n\n\n<div class=\"wp-block-column is-layout-flow wp-block-column-is-layout-flow\" style=\"flex-basis:25%\">\n<ul class=\"wp-block-social-links margin-bottom-none is-layout-flex wp-block-social-links-is-layout-flex\"><li class=\"wp-social-link wp-social-link-facebook  wp-block-social-link\"><a href=\"https:\/\/facebook.com\/industriashcn\" class=\"wp-block-social-link-anchor\"><svg width=\"24\" height=\"24\" viewBox=\"0 0 24 24\" version=\"1.1\" xmlns=\"http:\/\/www.w3.org\/2000\/svg\" aria-hidden=\"true\" focusable=\"false\"><path d=\"M12 2C6.5 2 2 6.5 2 12c0 5 3.7 9.1 8.4 9.9v-7H7.9V12h2.5V9.8c0-2.5 1.5-3.9 3.8-3.9 1.1 0 2.2.2 2.2.2v2.5h-1.3c-1.2 0-1.6.8-1.6 1.6V12h2.8l-.4 2.9h-2.3v7C18.3 21.1 22 17 22 12c0-5.5-4.5-10-10-10z\"><\/path><\/svg><span class=\"wp-block-social-link-label screen-reader-text\">Facebook<\/span><\/a><\/li>\n\n<li class=\"wp-social-link wp-social-link-instagram  wp-block-social-link\"><a href=\"https:\/\/instagram.com\/industriashcn\" class=\"wp-block-social-link-anchor\"><svg width=\"24\" height=\"24\" viewBox=\"0 0 24 24\" version=\"1.1\" xmlns=\"http:\/\/www.w3.org\/2000\/svg\" aria-hidden=\"true\" focusable=\"false\"><path d=\"M12,4.622c2.403,0,2.688,0.009,3.637,0.052c0.877,0.04,1.354,0.187,1.671,0.31c0.42,0.163,0.72,0.358,1.035,0.673 c0.315,0.315,0.51,0.615,0.673,1.035c0.123,0.317,0.27,0.794,0.31,1.671c0.043,0.949,0.052,1.234,0.052,3.637 s-0.009,2.688-0.052,3.637c-0.04,0.877-0.187,1.354-0.31,1.671c-0.163,0.42-0.358,0.72-0.673,1.035 c-0.315,0.315-0.615,0.51-1.035,0.673c-0.317,0.123-0.794,0.27-1.671,0.31c-0.949,0.043-1.233,0.052-3.637,0.052 s-2.688-0.009-3.637-0.052c-0.877-0.04-1.354-0.187-1.671-0.31c-0.42-0.163-0.72-0.358-1.035-0.673 c-0.315-0.315-0.51-0.615-0.673-1.035c-0.123-0.317-0.27-0.794-0.31-1.671C4.631,14.688,4.622,14.403,4.622,12 s0.009-2.688,0.052-3.637c0.04-0.877,0.187-1.354,0.31-1.671c0.163-0.42,0.358-0.72,0.673-1.035 c0.315-0.315,0.615-0.51,1.035-0.673c0.317-0.123,0.794-0.27,1.671-0.31C9.312,4.631,9.597,4.622,12,4.622 M12,3 C9.556,3,9.249,3.01,8.289,3.054C7.331,3.098,6.677,3.25,6.105,3.472C5.513,3.702,5.011,4.01,4.511,4.511 c-0.5,0.5-0.808,1.002-1.038,1.594C3.25,6.677,3.098,7.331,3.054,8.289C3.01,9.249,3,9.556,3,12c0,2.444,0.01,2.751,0.054,3.711 c0.044,0.958,0.196,1.612,0.418,2.185c0.23,0.592,0.538,1.094,1.038,1.594c0.5,0.5,1.002,0.808,1.594,1.038 c0.572,0.222,1.227,0.375,2.185,0.418C9.249,20.99,9.556,21,12,21s2.751-0.01,3.711-0.054c0.958-0.044,1.612-0.196,2.185-0.418 c0.592-0.23,1.094-0.538,1.594-1.038c0.5-0.5,0.808-1.002,1.038-1.594c0.222-0.572,0.375-1.227,0.418-2.185 C20.99,14.751,21,14.444,21,12s-0.01-2.751-0.054-3.711c-0.044-0.958-0.196-1.612-0.418-2.185c-0.23-0.592-0.538-1.094-1.038-1.594 c-0.5-0.5-1.002-0.808-1.594-1.038c-0.572-0.222-1.227-0.375-2.185-0.418C14.751,3.01,14.444,3,12,3L12,3z M12,7.378 c-2.552,0-4.622,2.069-4.622,4.622S9.448,16.622,12,16.622s4.622-2.069,4.622-4.622S14.552,7.378,12,7.378z M12,15 c-1.657,0-3-1.343-3-3s1.343-3,3-3s3,1.343,3,3S13.657,15,12,15z M16.804,6.116c-0.596,0-1.08,0.484-1.08,1.08 s0.484,1.08,1.08,1.08c0.596,0,1.08-0.484,1.08-1.08S17.401,6.116,16.804,6.116z\"><\/path><\/svg><span class=\"wp-block-social-link-label screen-reader-text\">Instagram<\/span><\/a><\/li>\n\n<li class=\"wp-social-link wp-social-link-youtube  wp-block-social-link\"><a href=\"https:\/\/www.youtube.com\/channel\/UCvRKVJUQli-UERFwB69W2wQ\" class=\"wp-block-social-link-anchor\"><svg width=\"24\" height=\"24\" viewBox=\"0 0 24 24\" version=\"1.1\" xmlns=\"http:\/\/www.w3.org\/2000\/svg\" aria-hidden=\"true\" focusable=\"false\"><path d=\"M21.8,8.001c0,0-0.195-1.378-0.795-1.985c-0.76-0.797-1.613-0.801-2.004-0.847c-2.799-0.202-6.997-0.202-6.997-0.202 h-0.009c0,0-4.198,0-6.997,0.202C4.608,5.216,3.756,5.22,2.995,6.016C2.395,6.623,2.2,8.001,2.2,8.001S2,9.62,2,11.238v1.517 c0,1.618,0.2,3.237,0.2,3.237s0.195,1.378,0.795,1.985c0.761,0.797,1.76,0.771,2.205,0.855c1.6,0.153,6.8,0.201,6.8,0.201 s4.203-0.006,7.001-0.209c0.391-0.047,1.243-0.051,2.004-0.847c0.6-0.607,0.795-1.985,0.795-1.985s0.2-1.618,0.2-3.237v-1.517 C22,9.62,21.8,8.001,21.8,8.001z M9.935,14.594l-0.001-5.62l5.404,2.82L9.935,14.594z\"><\/path><\/svg><span class=\"wp-block-social-link-label screen-reader-text\">YouTube<\/span><\/a><\/li><\/ul>\n\n\n\n<p class=\"margin-top-half has-background-color has-text-color has-background\" style=\"background-color:#00000000;font-size:18px\"><a href=\"mailto:ventas@industriashcn.com.mx\">ventas@industriashcn.com.mx<\/a><\/p>\n<\/div>\n<\/div>\n<\/div><\/div>\n","protected":false},"excerpt":{"rendered":"<p>Soluciones para su proceso espec\u00edfico, se muestran las presentaciones m\u00e1s utilizadas, si requiere de alguna presentaci\u00f3n espec\u00edfica solicite informaci\u00f3n aqui. HCN Cut Presentaci\u00f3n: 50\/200 L. Descripci\u00f3n: Refrigerante de Alto desempe\u00f1o para operaciones de maquinado en Hierro fundido, acero y aluminio. Gran desempe\u00f1o en operaciones dif\u00edciles paraaleaciones de Aluminio con poco Silicio. HCN Oil 711 Presentaci\u00f3n:<a class=\"more-link\" href=\"http:\/\/industriashcn.com.mx.previewc75.carrierzone.com\/HCNSite\/?page_id=287\">Continue reading <span class=\"screen-reader-text\">&#8220;Aceites y Lubricantes&#8221;<\/span><\/a><\/p>\n","protected":false},"author":1,"featured_media":0,"parent":0,"menu_order":0,"comment_status":"closed","ping_status":"closed","template":"","meta":{"footnotes":""},"class_list":["post-287","page","type-page","status-publish","hentry","entry"],"_links":{"self":[{"href":"http:\/\/industriashcn.com.mx.previewc75.carrierzone.com\/HCNSite\/index.php?rest_route=\/wp\/v2\/pages\/287","targetHints":{"allow":["GET"]}}],"collection":[{"href":"http:\/\/industriashcn.com.mx.previewc75.carrierzone.com\/HCNSite\/index.php?rest_route=\/wp\/v2\/pages"}],"about":[{"href":"http:\/\/industriashcn.com.mx.previewc75.carrierzone.com\/HCNSite\/index.php?rest_route=\/wp\/v2\/types\/page"}],"author":[{"embeddable":true,"href":"http:\/\/industriashcn.com.mx.previewc75.carrierzone.com\/HCNSite\/index.php?rest_route=\/wp\/v2\/users\/1"}],"replies":[{"embeddable":true,"href":"http:\/\/industriashcn.com.mx.previewc75.carrierzone.com\/HCNSite\/index.php?rest_route=%2Fwp%2Fv2%2Fcomments&post=287"}],"version-history":[{"count":2,"href":"http:\/\/industriashcn.com.mx.previewc75.carrierzone.com\/HCNSite\/index.php?rest_route=\/wp\/v2\/pages\/287\/revisions"}],"predecessor-version":[{"id":585,"href":"http:\/\/industriashcn.com.mx.previewc75.carrierzone.com\/HCNSite\/index.php?rest_route=\/wp\/v2\/pages\/287\/revisions\/585"}],"wp:attachment":[{"href":"http:\/\/industriashcn.com.mx.previewc75.carrierzone.com\/HCNSite\/index.php?rest_route=%2Fwp%2Fv2%2Fmedia&parent=287"}],"curies":[{"name":"wp","href":"https:\/\/api.w.org\/{rel}","templated":true}]}}